{"id":111,"date":"2024-11-02T12:07:22","date_gmt":"2024-11-02T12:07:22","guid":{"rendered":"https:\/\/sdgexperts.fi\/?page_id=111"},"modified":"2024-11-02T12:35:55","modified_gmt":"2024-11-02T12:35:55","slug":"koulutuksemme-csrd-esrs-asiantuntija","status":"publish","type":"page","link":"https:\/\/sdgexperts.fi\/?page_id=111","title":{"rendered":"Koulutuksemme: CSRD\/ ESRS ASIANTUNTIJA"},"content":{"rendered":"\n<p>EU.ssa on julkaistu parin viimeisen vuoden aikana useita kest\u00e4v\u00e4\u00e4n kehitykseen t\u00e4ht\u00e4\u00e4vi\u00e4 direktiivej\u00e4 ja asetuksia. Niist\u00e4 merkitt\u00e4vin on kest\u00e4vyysraportointidirektiivi CSRD (Corporate Sustainability Reporting Directive) ja siihen liittyv\u00e4t kest\u00e4vyysraportointistandadit ESRS (European Sustainability Reporting Standards). CSRD tuli voimaan loppuvuodesta 2022 ja ESRS hein\u00e4kuun lopulla 2023. <\/p>\n\n\n\n<figure class=\"wp-block-image size-full\"><img loading=\"lazy\" decoding=\"async\" width=\"400\" height=\"317\" src=\"https:\/\/sdgexperts.fi\/wp-content\/uploads\/2024\/11\/Screenshot-2024-10-01-160302.png\" alt=\"\" class=\"wp-image-170\" srcset=\"https:\/\/sdgexperts.fi\/wp-content\/uploads\/2024\/11\/Screenshot-2024-10-01-160302.png 400w, https:\/\/sdgexperts.fi\/wp-content\/uploads\/2024\/11\/Screenshot-2024-10-01-160302-300x238.png 300w\" sizes=\"auto, (max-width: 400px) 100vw, 400px\" \/><\/figure>\n\n\n\n<p>Ne edellytt\u00e4v\u00e4t yrityksi\u00e4 raportoimaan toimintansa kest\u00e4vyydest\u00e4 ja vastuullisuudesta huomattavasti systemaattisemmin ja t\u00e4sm\u00e4llisin osana vuosiraportointia. P\u00f6rssiyritykset joutuvat raportoimaan vuodesta 2024 alkaen, suuremmat muut yritykset (kriteerein\u00e4 yli 40 MEuron liikevaihto, 20 MEuron tasearvo tai 250 ty\u00f6ntekij\u00e4\u00e4; 2\/3 kriteerist\u00e4 muodostaa raportointivelvollisuuden. Vuonna 2027 (nykytiedon mukaan) p\u00f6rssinoteeratut pk-sektorin yritykset ja tietyt muut pienemm\u00e4t yritykset tulevat raportointivelvollisiksi. RAPORTOINTIVELVOLLISUUS KOSKEE MY\u00d6S N\u00c4IDEN YRITYSTEN ARVOKETJUISSA OLEVIA YRITYKSI\u00c4!<\/p>\n\n\n\n<p>EGLA:n kehitt\u00e4m\u00e4 CSRD\/ ESRS Asiantuntijakoulutus perehdytt\u00e4\u00e4 CSRD\/ ESRS k\u00e4yt\u00e4nt\u00f6ihin ja k\u00e4ytt\u00f6\u00f6nottoprosessiin kymmenist\u00e4 CSRD-k\u00e4ytt\u00f6\u00f6nottoprojekteista opituilla ja testatuilla prosesseilla ja ty\u00f6kaluilla,<\/p>\n\n\n\n<p><strong>Kenelle?<\/strong><\/p>\n\n\n\n<p>T\u00e4m\u00e4 on ennen kaikkea johdon henkil\u00f6ille ja kehitt\u00e4misp\u00e4\u00e4t\u00f6ksist\u00e4 vastaaville tehty 5 p\u00e4iv\u00e4n koulutus. Perustuu EGLA:n &#8221;CSRD\/ ESRS kehitt\u00e4minen\u201d work shopeihinn, mutta k\u00e4y tarkemmin l\u00e4pi raportointivalmiuden kehitt\u00e4misen eri vaiheet ja kest\u00e4v\u00e4n kehityksen merkityksen tuottavuuden parantamisessa. Oppimista tukee EGLA:n e-oppimisalusta, joka on koulutettavien k\u00e4yt\u00f6ss\u00e4 1 kuukauden ajan koulutuksesta. T\u00e4ll\u00e4 varmistetaan erilaisten oppijoiden ja erilaisten oppimistyylien n\u00e4k\u00f6kulmista ymm\u00e4rryksen tehostaminen.&nbsp;<\/p>\n\n\n\n<p>Koulutus antaa erinomaisen pohjan CSRD.vaatimusten mukaisen raportoinnin ja jatkuvan kehitt\u00e4misen ymm\u00e4rt\u00e4miseen nykyajan vaatimuksien mukaisesti.<\/p>\n\n\n\n<p><strong>Sis\u00e4lt\u00f6:<\/strong><\/p>\n\n\n\n<p>Koulutus sis\u00e4lt\u00e4\u00e4 6 moduulia, joitka antavat riitt\u00e4v\u00e4n ymm\u00e4rryksen kehitysprojektien l\u00e4pivientiin. Moduulit ovat seuraavat:<\/p>\n\n\n\n<p>1. Kest\u00e4v\u00e4n kehityksen periaatteet ja miten CSRD\/ ESRS malli yhdenmukaistaa Euroopan eri toimijoiden kest\u00e4vyystoiminnan<\/p>\n\n\n\n<p>2. Vastuullisuuden periaatteet ja ESRS raportoinnin k\u00e4yt\u00e4nt\u00f6jen toimenpiteet ja kehitysprosessin<\/p>\n\n\n\n<p>3. Olennaisuuden, kaksoisolennaisuuden ja sidosryhm\u00e4ty\u00f6n merkityksen osana valmistautumista; kuiluanalyysi(e)n teko<\/p>\n\n\n\n<p>4. ESRS -vaatimusten mukaisten tavoitteiden ja mittareiden sis\u00e4ll\u00f6t ja k\u00e4ytt\u00f6\u00f6notot<\/p>\n\n\n\n<p>5. Jatkuvan parantamisen ja sidosryhm\u00e4ty\u00e4skentelyn mallien kehitt\u00e4minen<\/p>\n\n\n\n<p>6. Raportointimallin, kest\u00e4v\u00e4n kehityksen ja toimintamallien testaaminen ja raportoinnin aloittaminen<\/p>\n\n\n\n<p>Koulutus kest\u00e4\u00e4 5 &#8211; 10 viikkoa. Koulutetut saavat EGLA:n todistuksen kurssin k\u00e4ymisest\u00e4.<\/p>\n","protected":false},"excerpt":{"rendered":"<p>EU.ssa on julkaistu parin viimeisen vuoden aikana useita kest\u00e4v\u00e4\u00e4n kehitykseen t\u00e4ht\u00e4\u00e4vi\u00e4 direktiivej\u00e4 ja asetuksia. Niist\u00e4 merkitt\u00e4vin on kest\u00e4vyysraportointidirektiivi CSRD (Corporate Sustainability Reporting Directive) ja siihen liittyv\u00e4t kest\u00e4vyysraportointistandadit ESRS (European Sustainability Reporting Standards). CSRD tuli voimaan loppuvuodesta 2022 ja ESRS hein\u00e4kuun lopulla 2023. Ne edellytt\u00e4v\u00e4t yrityksi\u00e4 raportoimaan toimintansa kest\u00e4vyydest\u00e4 ja vastuullisuudesta huomattavasti systemaattisemmin ja t\u00e4sm\u00e4llisin osana &hellip; <\/p>\n<p class=\"link-more\"><a href=\"https:\/\/sdgexperts.fi\/?page_id=111\" class=\"more-link\">Read more<span class=\"screen-reader-text\"> &#8221;Koulutuksemme: CSRD\/ ESRS ASIANTUNTIJA&#8221;<\/span><\/a><\/p>\n","protected":false},"author":1,"featured_media":0,"parent":44,"menu_order":1,"comment_status":"closed","ping_status":"closed","template":"","meta":{"inspiro_hide_title":false,"footnotes":""},"class_list":["post-111","page","type-page","status-publish","hentry"],"_links":{"self":[{"href":"https:\/\/sdgexperts.fi\/index.php?rest_route=\/wp\/v2\/pages\/111","targetHints":{"allow":["GET"]}}],"collection":[{"href":"https:\/\/sdgexperts.fi\/index.php?rest_route=\/wp\/v2\/pages"}],"about":[{"href":"https:\/\/sdgexperts.fi\/index.php?rest_route=\/wp\/v2\/types\/page"}],"author":[{"embeddable":true,"href":"https:\/\/sdgexperts.fi\/index.php?rest_route=\/wp\/v2\/users\/1"}],"replies":[{"embeddable":true,"href":"https:\/\/sdgexperts.fi\/index.php?rest_route=%2Fwp%2Fv2%2Fcomments&post=111"}],"version-history":[{"count":2,"href":"https:\/\/sdgexperts.fi\/index.php?rest_route=\/wp\/v2\/pages\/111\/revisions"}],"predecessor-version":[{"id":171,"href":"https:\/\/sdgexperts.fi\/index.php?rest_route=\/wp\/v2\/pages\/111\/revisions\/171"}],"up":[{"embeddable":true,"href":"https:\/\/sdgexperts.fi\/index.php?rest_route=\/wp\/v2\/pages\/44"}],"wp:attachment":[{"href":"https:\/\/sdgexperts.fi\/index.php?rest_route=%2Fwp%2Fv2%2Fmedia&parent=111"}],"curies":[{"name":"wp","href":"https:\/\/api.w.org\/{rel}","templated":true}]}}