{"id":143,"date":"2023-10-19T08:43:31","date_gmt":"2023-10-19T08:43:31","guid":{"rendered":"https:\/\/sdgexperts.fi\/?page_id=143"},"modified":"2023-10-19T08:43:31","modified_gmt":"2023-10-19T08:43:31","slug":"kestava-kehitys-egla-sustainability-asiantuntijakoulutus","status":"publish","type":"page","link":"https:\/\/sdgexperts.fi\/?page_id=143","title":{"rendered":"Kest\u00e4v\u00e4 kehitys: EGLA sustainability asiantuntijakoulutus"},"content":{"rendered":"\n<figure class=\"wp-block-image size-large is-resized\"><img loading=\"lazy\" decoding=\"async\" width=\"1024\" height=\"691\" src=\"https:\/\/sdgexperts.fi\/wp-content\/uploads\/2023\/10\/Sustainable_finance_cover_photo-1024x691.jpg\" alt=\"\" class=\"wp-image-144\" style=\"aspect-ratio:1.4819102749638204;width:559px;height:auto\" srcset=\"https:\/\/sdgexperts.fi\/wp-content\/uploads\/2023\/10\/Sustainable_finance_cover_photo-1024x691.jpg 1024w, https:\/\/sdgexperts.fi\/wp-content\/uploads\/2023\/10\/Sustainable_finance_cover_photo-300x203.jpg 300w, https:\/\/sdgexperts.fi\/wp-content\/uploads\/2023\/10\/Sustainable_finance_cover_photo-768x518.jpg 768w, https:\/\/sdgexperts.fi\/wp-content\/uploads\/2023\/10\/Sustainable_finance_cover_photo.jpg 1280w\" sizes=\"auto, (max-width: 1024px) 100vw, 1024px\" \/><\/figure>\n\n\n\n<p><\/p>\n\n\n\n<p><strong>Kenelle?<\/strong><\/p>\n\n\n\n<p>T\u00e4m\u00e4 kurssi on kaikille, jotka vastaavat vastuullisuudesta ja kest\u00e4v\u00e4st\u00e4 kehityksest\u00e4. Koulutuksen aikana koulutettavat perehtyv\u00e4t DMAIC -kehitysmalliin, vastuullisuuteen, kest\u00e4v\u00e4\u00e4n kehitykseen ja kehitysprojektien parhaisiin k\u00e4yt\u00e4nt\u00f6ihin. Opiskelua tukee e-oppimisymp\u00e4rist\u00f6n k\u00e4ytt\u00f6 ja siell\u00e4 olevat teht\u00e4v\u00e4t. Oppimisymp\u00e4rist\u00f6 on k\u00e4yt\u00f6ss\u00e4 yhteens\u00e4 6 kuukauden ajan. T\u00e4ll\u00e4 varmistetaan erilaisten oppijien ja erilaisten oppimistyylien n\u00e4k\u00f6kulmista ymm\u00e4rryksen tehostaminen. Kurssin k\u00e4yneet ymm\u00e4rt\u00e4v\u00e4t DMAIC kehitysmallin, projektihallinnan parhaat k\u00e4yt\u00e4nn\u00f6t ja vastuullisuuden sek\u00e4 kest\u00e4v\u00e4n kehityksen roolin tulospohjaisessa kehitt\u00e4misess\u00e4. Kurssin voi suorittaa my\u00f6s puhtaana et\u00e4opiskeluna oman aikataulun puitteissa.<\/p>\n\n\n\n<p><strong>Sis\u00e4lt\u00f6:<\/strong><\/p>\n\n\n\n<p>Kurssiin kuuluu 8 moduulia, joiden aikana perehdyt\u00e4\u00e4n pienempien, yksitt\u00e4isten kehitysprojektien vet\u00e4miseen.<\/p>\n\n\n\n<p>Moduulit ovat seuraavat:<\/p>\n\n\n\n<p>1. Kest\u00e4v\u00e4n kehityksen ja vastuullisuuden periaatteet<\/p>\n\n\n\n<p>2. Organisaation vastuullisuuden ja kest\u00e4vyyden m\u00e4\u00e4ritt\u00e4minen<\/p>\n\n\n\n<p>3. Nykytilan ja kest\u00e4v\u00e4n kehityksen tavoitetilan erojen arviointi<\/p>\n\n\n\n<p>4. Kest\u00e4vyys uusien innovaatioiden ja tuotesuunnittelun apuna<\/p>\n\n\n\n<p>5. Vastuullista ja kest\u00e4v\u00e4\u00e4 toimintaa haittaavien syiden ja esteiden analysointi<\/p>\n\n\n\n<p>6. Vastuullisen ja kest\u00e4v\u00e4n toiminnan kehitt\u00e4misen suunnittelu<\/p>\n\n\n\n<p>7. Suunnitelmien vienti k\u00e4yt\u00e4nt\u00f6\u00f6n<\/p>\n\n\n\n<p>8. Kest\u00e4v\u00e4n tulevaisuuden rakentaminen<\/p>\n\n\n\n<p><\/p>\n\n\n\n<p>Kurssin kesto on 10 viikkoa ja se sis\u00e4lt\u00e4\u00e4 8 p\u00e4iv\u00e4n luokkahuone \/ webinar ty\u00f6skentelyn (3 tuntia viikonloppuisin tai sovitun mukaan). Kurssin onnistuneesti suorittaneet saavat EGLA:n todistuksen p\u00e4tevyydest\u00e4.<\/p>\n\n\n\n<p>Koulutus sis\u00e4lt\u00e4\u00e4 perehdytyksen ja harjoitukset DMAIC &#8211; kehitt\u00e4mismalliin ja k\u00e4yt\u00e4nn\u00f6n perehdytt\u00e4misen Kest\u00e4v\u00e4n kehityksen (taloudellinen, ekologinen ja sosiaalinen kest\u00e4vyys; YK:n kest\u00e4v\u00e4n kehityksen tavoitteet) ja vastuullisuuden asioihin. Kest\u00e4vyys ja vastuullisuus kasvavat koko ajan merkitt\u00e4v\u00e4mmiksi maailman organisaatioiden toiminnassa. EGLA tarjoaa osaamisen ja keinot kilpailuedun saavuttamiseen sek\u00e4 kotimaisilla ett\u00e4 kansainv\u00e4lisill\u00e4 markkinoilla.<\/p>\n","protected":false},"excerpt":{"rendered":"<p>Kenelle? T\u00e4m\u00e4 kurssi on kaikille, jotka vastaavat vastuullisuudesta ja kest\u00e4v\u00e4st\u00e4 kehityksest\u00e4. Koulutuksen aikana koulutettavat perehtyv\u00e4t DMAIC -kehitysmalliin, vastuullisuuteen, kest\u00e4v\u00e4\u00e4n kehitykseen ja kehitysprojektien parhaisiin k\u00e4yt\u00e4nt\u00f6ihin. Opiskelua tukee e-oppimisymp\u00e4rist\u00f6n k\u00e4ytt\u00f6 ja siell\u00e4 olevat teht\u00e4v\u00e4t. Oppimisymp\u00e4rist\u00f6 on k\u00e4yt\u00f6ss\u00e4 yhteens\u00e4 6 kuukauden ajan. T\u00e4ll\u00e4 varmistetaan erilaisten oppijien ja erilaisten oppimistyylien n\u00e4k\u00f6kulmista ymm\u00e4rryksen tehostaminen. Kurssin k\u00e4yneet ymm\u00e4rt\u00e4v\u00e4t DMAIC kehitysmallin, projektihallinnan &hellip; <\/p>\n<p class=\"link-more\"><a href=\"https:\/\/sdgexperts.fi\/?page_id=143\" class=\"more-link\">Read more<span class=\"screen-reader-text\"> &#8221;Kest\u00e4v\u00e4 kehitys: EGLA sustainability asiantuntijakoulutus&#8221;<\/span><\/a><\/p>\n","protected":false},"author":1,"featured_media":0,"parent":0,"menu_order":0,"comment_status":"closed","ping_status":"closed","template":"","meta":{"inspiro_hide_title":false,"footnotes":""},"class_list":["post-143","page","type-page","status-publish","hentry"],"_links":{"self":[{"href":"https:\/\/sdgexperts.fi\/index.php?rest_route=\/wp\/v2\/pages\/143","targetHints":{"allow":["GET"]}}],"collection":[{"href":"https:\/\/sdgexperts.fi\/index.php?rest_route=\/wp\/v2\/pages"}],"about":[{"href":"https:\/\/sdgexperts.fi\/index.php?rest_route=\/wp\/v2\/types\/page"}],"author":[{"embeddable":true,"href":"https:\/\/sdgexperts.fi\/index.php?rest_route=\/wp\/v2\/users\/1"}],"replies":[{"embeddable":true,"href":"https:\/\/sdgexperts.fi\/index.php?rest_route=%2Fwp%2Fv2%2Fcomments&post=143"}],"version-history":[{"count":1,"href":"https:\/\/sdgexperts.fi\/index.php?rest_route=\/wp\/v2\/pages\/143\/revisions"}],"predecessor-version":[{"id":145,"href":"https:\/\/sdgexperts.fi\/index.php?rest_route=\/wp\/v2\/pages\/143\/revisions\/145"}],"wp:attachment":[{"href":"https:\/\/sdgexperts.fi\/index.php?rest_route=%2Fwp%2Fv2%2Fmedia&parent=143"}],"curies":[{"name":"wp","href":"https:\/\/api.w.org\/{rel}","templated":true}]}}