{"id":66,"date":"2023-10-18T16:09:58","date_gmt":"2023-10-18T16:09:58","guid":{"rendered":"https:\/\/sdgexperts.fi\/?page_id=66"},"modified":"2023-10-18T16:35:50","modified_gmt":"2023-10-18T16:35:50","slug":"verkostomme","status":"publish","type":"page","link":"https:\/\/sdgexperts.fi\/?page_id=66","title":{"rendered":"Verkostomme"},"content":{"rendered":"\n<p>Toimimme Suomessa ja kansainv\u00e4lisesti hyvin verkottuneena. Toimimme vain ja ainoastaan organisaatioiden kanssa joilla on samantapaiset arvot ja tavoitteet kuin meill\u00e4. Kest\u00e4v\u00e4n kehityksen ja kiertotalouden avulla luomme parempaa tulevaisuutta samalla kuin asiakasorganisaatiomme voivat hyvin ja tuloksekkaasti.<\/p>\n\n\n\n<figure class=\"wp-block-image size-full\"><a href=\"https:\/\/www.eglaglobal.eu\" target=\"_blank\" rel=\"noreferrer noopener\"><img loading=\"lazy\" decoding=\"async\" width=\"235\" height=\"215\" src=\"https:\/\/sdgexperts.fi\/wp-content\/uploads\/2023\/10\/EGLA-1.jpeg\" alt=\"\" class=\"wp-image-78\"\/><\/a><\/figure>\n\n\n\n<figure class=\"wp-block-image size-full is-resized\"><a href=\"https:\/\/www.mcgrathworldwide.com\" target=\"_blank\" rel=\"noreferrer noopener\"><img loading=\"lazy\" decoding=\"async\" width=\"198\" height=\"48\" src=\"https:\/\/sdgexperts.fi\/wp-content\/uploads\/2023\/10\/McG.jpg\" alt=\"\" class=\"wp-image-68\" style=\"aspect-ratio:4.125;width:260px;height:auto\"\/><\/a><\/figure>\n\n\n\n<figure class=\"wp-block-image size-large is-resized\"><a href=\"https:\/\/www.kiertotalousyhdistys.fi\" target=\"_blank\" rel=\"noreferrer noopener\"><img loading=\"lazy\" decoding=\"async\" width=\"1024\" height=\"1024\" src=\"https:\/\/sdgexperts.fi\/wp-content\/uploads\/2023\/10\/Suomen-Logo-01-1-1024x1024.jpg\" alt=\"\" class=\"wp-image-81\" style=\"aspect-ratio:1;width:352px;height:auto\" srcset=\"https:\/\/sdgexperts.fi\/wp-content\/uploads\/2023\/10\/Suomen-Logo-01-1-1024x1024.jpg 1024w, https:\/\/sdgexperts.fi\/wp-content\/uploads\/2023\/10\/Suomen-Logo-01-1-300x300.jpg 300w, https:\/\/sdgexperts.fi\/wp-content\/uploads\/2023\/10\/Suomen-Logo-01-1-150x150.jpg 150w, https:\/\/sdgexperts.fi\/wp-content\/uploads\/2023\/10\/Suomen-Logo-01-1-768x768.jpg 768w, https:\/\/sdgexperts.fi\/wp-content\/uploads\/2023\/10\/Suomen-Logo-01-1-1536x1536.jpg 1536w, https:\/\/sdgexperts.fi\/wp-content\/uploads\/2023\/10\/Suomen-Logo-01-1-2048x2048.jpg 2048w, https:\/\/sdgexperts.fi\/wp-content\/uploads\/2023\/10\/Suomen-Logo-01-1-2000x2000.jpg 2000w\" sizes=\"auto, (max-width: 1024px) 100vw, 1024px\" \/><\/a><\/figure>\n\n\n\n<figure class=\"wp-block-image size-full\"><a href=\"https:\/\/ym.fi\/etusivu\" target=\"_blank\" rel=\"noreferrer noopener\"><img loading=\"lazy\" decoding=\"async\" width=\"444\" height=\"113\" src=\"https:\/\/sdgexperts.fi\/wp-content\/uploads\/2023\/10\/Unknown.png\" alt=\"\" class=\"wp-image-87\" srcset=\"https:\/\/sdgexperts.fi\/wp-content\/uploads\/2023\/10\/Unknown.png 444w, https:\/\/sdgexperts.fi\/wp-content\/uploads\/2023\/10\/Unknown-300x76.png 300w\" sizes=\"auto, (max-width: 444px) 100vw, 444px\" \/><\/a><\/figure>\n\n\n\n<figure class=\"wp-block-image size-full is-resized\"><a href=\"https:\/\/www.sitra.fi\" target=\"_blank\" rel=\"noreferrer noopener\"><img loading=\"lazy\" decoding=\"async\" width=\"519\" height=\"97\" src=\"https:\/\/sdgexperts.fi\/wp-content\/uploads\/2023\/10\/SItra.png\" alt=\"\" class=\"wp-image-88\" style=\"aspect-ratio:5.350515463917525;width:369px;height:auto\" srcset=\"https:\/\/sdgexperts.fi\/wp-content\/uploads\/2023\/10\/SItra.png 519w, https:\/\/sdgexperts.fi\/wp-content\/uploads\/2023\/10\/SItra-300x56.png 300w\" sizes=\"auto, (max-width: 519px) 100vw, 519px\" \/><\/a><\/figure>\n","protected":false},"excerpt":{"rendered":"<p>Toimimme Suomessa ja kansainv\u00e4lisesti hyvin verkottuneena. Toimimme vain ja ainoastaan organisaatioiden kanssa joilla on samantapaiset arvot ja tavoitteet kuin meill\u00e4. Kest\u00e4v\u00e4n kehityksen ja kiertotalouden avulla luomme parempaa tulevaisuutta samalla kuin asiakasorganisaatiomme voivat hyvin ja tuloksekkaasti.<\/p>\n","protected":false},"author":1,"featured_media":0,"parent":0,"menu_order":1,"comment_status":"closed","ping_status":"closed","template":"","meta":{"inspiro_hide_title":false,"footnotes":""},"class_list":["post-66","page","type-page","status-publish","hentry"],"_links":{"self":[{"href":"https:\/\/sdgexperts.fi\/index.php?rest_route=\/wp\/v2\/pages\/66","targetHints":{"allow":["GET"]}}],"collection":[{"href":"https:\/\/sdgexperts.fi\/index.php?rest_route=\/wp\/v2\/pages"}],"about":[{"href":"https:\/\/sdgexperts.fi\/index.php?rest_route=\/wp\/v2\/types\/page"}],"author":[{"embeddable":true,"href":"https:\/\/sdgexperts.fi\/index.php?rest_route=\/wp\/v2\/users\/1"}],"replies":[{"embeddable":true,"href":"https:\/\/sdgexperts.fi\/index.php?rest_route=%2Fwp%2Fv2%2Fcomments&post=66"}],"version-history":[{"count":12,"href":"https:\/\/sdgexperts.fi\/index.php?rest_route=\/wp\/v2\/pages\/66\/revisions"}],"predecessor-version":[{"id":86,"href":"https:\/\/sdgexperts.fi\/index.php?rest_route=\/wp\/v2\/pages\/66\/revisions\/86"}],"wp:attachment":[{"href":"https:\/\/sdgexperts.fi\/index.php?rest_route=%2Fwp%2Fv2%2Fmedia&parent=66"}],"curies":[{"name":"wp","href":"https:\/\/api.w.org\/{rel}","templated":true}]}}